{"id":107,"date":"2020-09-19T19:03:43","date_gmt":"2020-09-19T19:03:43","guid":{"rendered":"http:\/\/ospciechanow.pl\/?page_id=107"},"modified":"2020-10-12T09:31:26","modified_gmt":"2020-10-12T09:31:26","slug":"strona-glowna","status":"publish","type":"page","link":"http:\/\/ospciechanow.pl\/","title":{"rendered":""},"content":{"rendered":"\n<p class=\"has-text-align-right has-text-color\" style=\"font-size:42px;color:#13007a\"><\/p>\n\n\n\n<figure class=\"wp-block-pullquote\"><blockquote><p><strong><em>Muzyka to najlepszy j\u0119zyk do poruszania serc ludzi na ca\u0142ym \u015bwiecie<\/em><\/strong><\/p><cite>Jimmy page<\/cite><\/blockquote><\/figure>\n\n\n\n<div class=\"wp-block-image\"><figure class=\"aligncenter size-large\"><img loading=\"lazy\" decoding=\"async\" width=\"1024\" height=\"944\" src=\"http:\/\/ospciechanow.pl\/wp-content\/uploads\/2020\/09\/orkiestra-1024x944.jpg\" alt=\"\" class=\"wp-image-272\" srcset=\"http:\/\/ospciechanow.pl\/wp-content\/uploads\/2020\/09\/orkiestra-1024x944.jpg 1024w, http:\/\/ospciechanow.pl\/wp-content\/uploads\/2020\/09\/orkiestra-300x277.jpg 300w, http:\/\/ospciechanow.pl\/wp-content\/uploads\/2020\/09\/orkiestra-768x708.jpg 768w, http:\/\/ospciechanow.pl\/wp-content\/uploads\/2020\/09\/orkiestra-1536x1416.jpg 1536w, http:\/\/ospciechanow.pl\/wp-content\/uploads\/2020\/09\/orkiestra.jpg 1571w\" sizes=\"auto, (max-width: 1024px) 100vw, 1024px\" \/><\/figure><\/div>\n\n\n\n<div class=\"wp-block-group\"><div class=\"wp-block-group__inner-container is-layout-flow wp-block-group-is-layout-flow\"><\/div><\/div>\n\n\n\n<p> <\/p>\n\n\n\n<p> <\/p>\n","protected":false},"excerpt":{"rendered":"<p>Muzyka to najlepszy j\u0119zyk do poruszania serc ludzi na ca\u0142ym \u015bwiecie Jimmy page<\/p>\n","protected":false},"author":1,"featured_media":0,"parent":0,"menu_order":0,"comment_status":"closed","ping_status":"closed","template":"","meta":{"ngg_post_thumbnail":0,"footnotes":""},"class_list":["post-107","page","type-page","status-publish","hentry"],"_links":{"self":[{"href":"http:\/\/ospciechanow.pl\/index.php?rest_route=\/wp\/v2\/pages\/107","targetHints":{"allow":["GET"]}}],"collection":[{"href":"http:\/\/ospciechanow.pl\/index.php?rest_route=\/wp\/v2\/pages"}],"about":[{"href":"http:\/\/ospciechanow.pl\/index.php?rest_route=\/wp\/v2\/types\/page"}],"author":[{"embeddable":true,"href":"http:\/\/ospciechanow.pl\/index.php?rest_route=\/wp\/v2\/users\/1"}],"replies":[{"embeddable":true,"href":"http:\/\/ospciechanow.pl\/index.php?rest_route=%2Fwp%2Fv2%2Fcomments&post=107"}],"version-history":[{"count":58,"href":"http:\/\/ospciechanow.pl\/index.php?rest_route=\/wp\/v2\/pages\/107\/revisions"}],"predecessor-version":[{"id":347,"href":"http:\/\/ospciechanow.pl\/index.php?rest_route=\/wp\/v2\/pages\/107\/revisions\/347"}],"wp:attachment":[{"href":"http:\/\/ospciechanow.pl\/index.php?rest_route=%2Fwp%2Fv2%2Fmedia&parent=107"}],"curies":[{"name":"wp","href":"https:\/\/api.w.org\/{rel}","templated":true}]}}