{"id":71,"date":"2020-09-19T18:17:49","date_gmt":"2020-09-19T18:17:49","guid":{"rendered":"http:\/\/ospciechanow.pl\/?page_id=71"},"modified":"2020-09-29T14:58:48","modified_gmt":"2020-09-29T14:58:48","slug":"o-nas","status":"publish","type":"page","link":"http:\/\/ospciechanow.pl\/?page_id=71","title":{"rendered":"O nas"},"content":{"rendered":"\n<p>Orkiestra D\u0119ta Ochotniczej Stra\u017cy Po\u017carnej w Ciechanowie liczy obecnie <strong>35<\/strong> cz\u0142onk\u00f3w.<br>Jeste\u015bmy podzieleni na <strong>10<\/strong> sekcji:<br>&#8211; flety (3 osoby) <br>&#8211; klarnety (2 osoby)<br>&#8211; saksofony altowe (5 os\u00f3b)<br>&#8211; kornety (8 os\u00f3b)<br>&#8211; saksofony tenorowe (4 osoby)<br>&#8211; sakshorny barytonowe (3 osoby)<br>&#8211; puzony (3 osoby)<br>&#8211; saksofon barytonowy (1 osoba) <br>&#8211; basy (4 osoby)<br>&#8211; instrumenty perkusyjne (2 osoby)<\/p>\n\n\n\n<p>Druhny i druhowie w naszej Orkiestrze s\u0105 w r\u00f3\u017cnym wieku &#8211; od kilkunastu do kilkudziesi\u0119ciu lat. S\u0105 to uczniowie szk\u00f3\u0142 podstawowych i \u015brednich, studenci oraz doro\u015bli. Wszystkich po\u0142\u0105czy\u0142a wielka mi\u0142o\u015b\u0107 do muzyki.<br><br>Na pr\u00f3bach spotykamy si\u0119 w ka\u017cdy <strong>wtorek<\/strong> i <strong>czwartek<\/strong> w godzinach<br>od <strong>18.00<\/strong> do <strong>20.00<\/strong>. W inne dni tygodnia w naszej stra\u017cnicy odbywaj\u0105 si\u0119 lekcje gry na instrumentach d\u0119tych. Uczestnicz\u0105 w nich pocz\u0105tkuj\u0105cy cz\u0142onkowie orkiestry, g\u0142\u00f3wnie uczniowie szk\u00f3\u0142 podstawowych.<\/p>\n\n\n\n<p>Wszyscy doskonalimy umiej\u0119tno\u015bci gry na instrumentach pod czujnym okiem <strong>Kapelmistrza<\/strong>, kt\u00f3ry czuwa nad ka\u017cdym wydobytym d\u017awi\u0119kiem i wykazuje si\u0119 ogromn\u0105 cierpliwo\u015bci\u0105 pr\u00f3buj\u0105c opanowa\u0107 r\u00f3\u017cnorodno\u015b\u0107 naszych charakter\u00f3w i osobowo\u015bci. <\/p>\n\n\n\n<p>Wykonujemy utwory muzyki powa\u017cnej i rozrywkowej. Ponadto czynnie uczestniczymy we wszelkich uroczysto\u015bciach pa\u0144stwowych graj\u0105c repertuar oficjalny. U\u015bwietniamy r\u00f3wnie\u017c liczne uroczysto\u015bci ko\u015bcielne.<\/p>\n","protected":false},"excerpt":{"rendered":"<p>Orkiestra D\u0119ta Ochotniczej Stra\u017cy Po\u017carnej w Ciechanowie liczy obecnie 35 cz\u0142onk\u00f3w.Jeste\u015bmy podzieleni na 10 sekcji:&#8211; flety (3 osoby) &#8211; klarnety&hellip;<\/p>\n","protected":false},"author":1,"featured_media":0,"parent":0,"menu_order":0,"comment_status":"closed","ping_status":"closed","template":"","meta":{"ngg_post_thumbnail":0,"footnotes":""},"class_list":["post-71","page","type-page","status-publish","hentry"],"_links":{"self":[{"href":"http:\/\/ospciechanow.pl\/index.php?rest_route=\/wp\/v2\/pages\/71","targetHints":{"allow":["GET"]}}],"collection":[{"href":"http:\/\/ospciechanow.pl\/index.php?rest_route=\/wp\/v2\/pages"}],"about":[{"href":"http:\/\/ospciechanow.pl\/index.php?rest_route=\/wp\/v2\/types\/page"}],"author":[{"embeddable":true,"href":"http:\/\/ospciechanow.pl\/index.php?rest_route=\/wp\/v2\/users\/1"}],"replies":[{"embeddable":true,"href":"http:\/\/ospciechanow.pl\/index.php?rest_route=%2Fwp%2Fv2%2Fcomments&post=71"}],"version-history":[{"count":22,"href":"http:\/\/ospciechanow.pl\/index.php?rest_route=\/wp\/v2\/pages\/71\/revisions"}],"predecessor-version":[{"id":304,"href":"http:\/\/ospciechanow.pl\/index.php?rest_route=\/wp\/v2\/pages\/71\/revisions\/304"}],"wp:attachment":[{"href":"http:\/\/ospciechanow.pl\/index.php?rest_route=%2Fwp%2Fv2%2Fmedia&parent=71"}],"curies":[{"name":"wp","href":"https:\/\/api.w.org\/{rel}","templated":true}]}}